{"id":923,"date":"2025-01-18T10:59:58","date_gmt":"2025-01-18T03:59:58","guid":{"rendered":"https:\/\/saigonhiepphuoc.123websitedev.com\/?page_id=923"},"modified":"2026-02-02T15:58:36","modified_gmt":"2026-02-02T08:58:36","slug":"tuyendung","status":"publish","type":"page","link":"https:\/\/sghp.vn\/en\/tuyendung\/","title":{"rendered":"Recruitment"},"content":{"rendered":"<div data-elementor-type=\"wp-page\" data-elementor-id=\"923\" class=\"elementor elementor-923\" data-elementor-post-type=\"page\">\n\t\t\t\t<div class=\"elementor-element elementor-element-f37f09c e-flex e-con-boxed e-con e-parent\" data-id=\"f37f09c\" data-element_type=\"container\">\n\t\t\t\t\t<div class=\"e-con-inner\">\n\t\t<div class=\"elementor-element elementor-element-f6247d1 e-con-full e-flex e-con e-child\" data-id=\"f6247d1\" data-element_type=\"container\">\n\t\t\t\t<div class=\"elementor-element elementor-element-771a4c6 elementor-widget elementor-widget-heading\" data-id=\"771a4c6\" data-element_type=\"widget\" data-widget_type=\"heading.default\">\n\t\t\t\t<div class=\"elementor-widget-container\">\n\t\t\t<h2 class=\"elementor-heading-title elementor-size-default\">Working environment\n<\/h2>\t\t<\/div>\n\t\t\t\t<\/div>\n\t\t\t\t<div class=\"elementor-element elementor-element-4114cc3 elementor-widget elementor-widget-text-editor\" data-id=\"4114cc3\" data-element_type=\"widget\" data-widget_type=\"text-editor.default\">\n\t\t\t\t<div class=\"elementor-widget-container\">\n\t\t\t\t\t\t\t<p>Saigon Gateway Port Joint Stock Company is an efficient and growing business enterprise that cares for the material well-being of its employees and fulfills its social obligations. It boasts a well-structured workplace with a transparent and rational internal management system that encourages and motivates the positive attitude and creativity of its employees. Saigon Gateway Port Joint Stock Company has built, maintained, and developed a united and cooperative workforce with a spirit of mutual support and affection, sharing the company&#039;s successes, overcoming difficulties, and working together to build a continuously developing enterprise, considering the company as their extended family. Saigon Gateway Port Joint Stock Company consistently aligns with national guidelines, adheres to the law, maintains ethical and cultural business practices, respects its customers, contributes to the community, and is environmentally conscious and friendly to nature. Let&#039;s experience the corporate culture values of Saigon Gateway Port Joint Stock Company.<\/p>\t\t\t\t\t\t<\/div>\n\t\t\t\t<\/div>\n\t\t\t\t<\/div>\n\t\t<div class=\"elementor-element elementor-element-8f20b7b e-con-full e-flex e-con e-child\" data-id=\"8f20b7b\" data-element_type=\"container\">\n\t\t\t\t<div class=\"elementor-element elementor-element-cc2a01e elementor-widget elementor-widget-image\" data-id=\"cc2a01e\" data-element_type=\"widget\" data-widget_type=\"image.default\">\n\t\t\t\t<div class=\"elementor-widget-container\">\n\t\t\t\t\t\t\t\t\t\t\t\t\t<img fetchpriority=\"high\" decoding=\"async\" width=\"663\" height=\"1024\" src=\"https:\/\/sghp.vn\/wp-content\/uploads\/2025\/02\/sghp-tuyen-dung-home-2025-663x1024.jpg\" class=\"attachment-large size-large wp-image-1927\" alt=\"\" srcset=\"https:\/\/sghp.vn\/wp-content\/uploads\/2025\/02\/sghp-tuyen-dung-home-2025-663x1024.jpg 663w, https:\/\/sghp.vn\/wp-content\/uploads\/2025\/02\/sghp-tuyen-dung-home-2025-194x300.jpg 194w, https:\/\/sghp.vn\/wp-content\/uploads\/2025\/02\/sghp-tuyen-dung-home-2025-8x12.jpg 8w, https:\/\/sghp.vn\/wp-content\/uploads\/2025\/02\/sghp-tuyen-dung-home-2025.jpg 720w\" sizes=\"(max-width: 663px) 100vw, 663px\" \/>\t\t\t\t\t\t\t\t\t\t\t\t\t<\/div>\n\t\t\t\t<\/div>\n\t\t\t\t<\/div>\n\t\t\t\t\t<\/div>\n\t\t\t\t<\/div>\n\t\t\t\t<\/div>","protected":false},"excerpt":{"rendered":"<p>The working environment at Saigon Gateway Port Joint Stock Company is that of an efficient, growing production and business enterprise that cares for the material well-being of its employees and fulfills its social obligations. It is a workplace with a suitable organizational structure [\u2026]<\/p>","protected":false},"author":1,"featured_media":0,"parent":0,"menu_order":0,"comment_status":"closed","ping_status":"closed","template":"page-template\/tuyendung.php","meta":{"footnotes":""},"class_list":["post-923","page","type-page","status-publish","hentry"],"acf":[],"yoast_head":"<!-- This site is optimized with the Yoast SEO Premium plugin v24.5 (Yoast SEO v24.7) - https:\/\/yoast.com\/wordpress\/plugins\/seo\/ -->\n<title>Tuy\u1ec3n d\u1ee5ng - Saigon Gateway Terminal<\/title>\n<meta name=\"robots\" content=\"index, follow, max-snippet:-1, max-image-preview:large, max-video-preview:-1\" \/>\n<link rel=\"canonical\" href=\"https:\/\/sghp.vn\/en\/tuyendung\/\" \/>\n<meta property=\"og:locale\" content=\"en_US\" \/>\n<meta property=\"og:type\" content=\"article\" \/>\n<meta property=\"og:title\" content=\"Tuy\u1ec3n d\u1ee5ng\" \/>\n<meta property=\"og:description\" content=\"M\u00f4i tr\u01b0\u1eddng l\u00e0m vi\u1ec7c C\u00f4ng ty CP C\u1ea3ng C\u1eeda Ng\u00f5 S\u00e0i G\u00f2n l\u00e0 m\u1ed9t doanh nghi\u1ec7p s\u1ea3n xu\u1ea5t \u2013 kinh doanh c\u00f3 hi\u1ec7u qu\u1ea3, c\u00f3 t\u0103ng tr\u01b0\u1edfng, ch\u0103m lo \u0111\u1eddi s\u1ed1ng v\u1eadt ch\u1ea5t cho ng\u01b0\u1eddi lao \u0111\u1ed9ng v\u00e0 th\u1ef1c hi\u1ec7n c\u00e1c ngh\u0129a v\u1ee5 x\u00e3 h\u1ed9i. M\u1ed9t n\u01a1i l\u00e0m vi\u1ec7c c\u00f3 c\u01a1 c\u1ea5u t\u1ed5 ch\u1ee9c ph\u00f9 [&hellip;]\" \/>\n<meta property=\"og:url\" content=\"https:\/\/sghp.vn\/en\/tuyendung\/\" \/>\n<meta property=\"og:site_name\" content=\"Saigon Gateway Terminal\" \/>\n<meta property=\"article:modified_time\" content=\"2026-02-02T08:58:36+00:00\" \/>\n<meta property=\"og:image\" content=\"https:\/\/sghp.vn\/wp-content\/uploads\/2025\/02\/sghp-tuyen-dung-home-2025.jpg\" \/>\n\t<meta property=\"og:image:width\" content=\"720\" \/>\n\t<meta property=\"og:image:height\" content=\"1112\" \/>\n\t<meta property=\"og:image:type\" content=\"image\/jpeg\" \/>\n<meta name=\"twitter:card\" content=\"summary_large_image\" \/>\n<meta name=\"twitter:label1\" content=\"Est. reading time\" \/>\n\t<meta name=\"twitter:data1\" content=\"2 minutes\" \/>\n<script type=\"application\/ld+json\" class=\"yoast-schema-graph\">{\"@context\":\"https:\/\/schema.org\",\"@graph\":[{\"@type\":\"WebPage\",\"@id\":\"https:\/\/sghp.vn\/tuyendung\/\",\"url\":\"https:\/\/sghp.vn\/tuyendung\/\",\"name\":\"Tuy\u1ec3n d\u1ee5ng - Saigon Gateway Terminal\",\"isPartOf\":{\"@id\":\"https:\/\/sghp.vn\/#website\"},\"primaryImageOfPage\":{\"@id\":\"https:\/\/sghp.vn\/tuyendung\/#primaryimage\"},\"image\":{\"@id\":\"https:\/\/sghp.vn\/tuyendung\/#primaryimage\"},\"thumbnailUrl\":\"https:\/\/sghp.vn\/wp-content\/uploads\/2025\/02\/sghp-tuyen-dung-home-2025-663x1024.jpg\",\"datePublished\":\"2025-01-18T03:59:58+00:00\",\"dateModified\":\"2026-02-02T08:58:36+00:00\",\"breadcrumb\":{\"@id\":\"https:\/\/sghp.vn\/tuyendung\/#breadcrumb\"},\"inLanguage\":\"en-US\",\"potentialAction\":[{\"@type\":\"ReadAction\",\"target\":[\"https:\/\/sghp.vn\/tuyendung\/\"]}]},{\"@type\":\"ImageObject\",\"inLanguage\":\"en-US\",\"@id\":\"https:\/\/sghp.vn\/tuyendung\/#primaryimage\",\"url\":\"https:\/\/sghp.vn\/wp-content\/uploads\/2025\/02\/sghp-tuyen-dung-home-2025-663x1024.jpg\",\"contentUrl\":\"https:\/\/sghp.vn\/wp-content\/uploads\/2025\/02\/sghp-tuyen-dung-home-2025-663x1024.jpg\"},{\"@type\":\"BreadcrumbList\",\"@id\":\"https:\/\/sghp.vn\/tuyendung\/#breadcrumb\",\"itemListElement\":[{\"@type\":\"ListItem\",\"position\":1,\"name\":\"Trang ch\u1ee7\",\"item\":\"https:\/\/sghp.vn\/\"},{\"@type\":\"ListItem\",\"position\":2,\"name\":\"Tuy\u1ec3n d\u1ee5ng\"}]},{\"@type\":\"WebSite\",\"@id\":\"https:\/\/sghp.vn\/#website\",\"url\":\"https:\/\/sghp.vn\/\",\"name\":\"C\u1ea3ng S\u00e0i G\u00f2n Hi\u1ec7p Ph\u01b0\u1edbc\",\"description\":\"Saigon Gateway Terminal Joint Stock Company (SGT).\",\"alternateName\":\"C\u1ea3ng S\u00e0i G\u00f2n Hi\u1ec7p Ph\u01b0\u1edbc\",\"potentialAction\":[{\"@type\":\"SearchAction\",\"target\":{\"@type\":\"EntryPoint\",\"urlTemplate\":\"https:\/\/sghp.vn\/?s={search_term_string}\"},\"query-input\":{\"@type\":\"PropertyValueSpecification\",\"valueRequired\":true,\"valueName\":\"search_term_string\"}}],\"inLanguage\":\"en-US\"}]}<\/script>\n<!-- \/ Yoast SEO Premium plugin. -->","yoast_head_json":{"title":"Tuy\u1ec3n d\u1ee5ng - Saigon Gateway Terminal","robots":{"index":"index","follow":"follow","max-snippet":"max-snippet:-1","max-image-preview":"max-image-preview:large","max-video-preview":"max-video-preview:-1"},"canonical":"https:\/\/sghp.vn\/en\/tuyendung\/","og_locale":"en_US","og_type":"article","og_title":"Tuy\u1ec3n d\u1ee5ng","og_description":"M\u00f4i tr\u01b0\u1eddng l\u00e0m vi\u1ec7c C\u00f4ng ty CP C\u1ea3ng C\u1eeda Ng\u00f5 S\u00e0i G\u00f2n l\u00e0 m\u1ed9t doanh nghi\u1ec7p s\u1ea3n xu\u1ea5t \u2013 kinh doanh c\u00f3 hi\u1ec7u qu\u1ea3, c\u00f3 t\u0103ng tr\u01b0\u1edfng, ch\u0103m lo \u0111\u1eddi s\u1ed1ng v\u1eadt ch\u1ea5t cho ng\u01b0\u1eddi lao \u0111\u1ed9ng v\u00e0 th\u1ef1c hi\u1ec7n c\u00e1c ngh\u0129a v\u1ee5 x\u00e3 h\u1ed9i. M\u1ed9t n\u01a1i l\u00e0m vi\u1ec7c c\u00f3 c\u01a1 c\u1ea5u t\u1ed5 ch\u1ee9c ph\u00f9 [&hellip;]","og_url":"https:\/\/sghp.vn\/en\/tuyendung\/","og_site_name":"Saigon Gateway Terminal","article_modified_time":"2026-02-02T08:58:36+00:00","og_image":[{"width":720,"height":1112,"url":"https:\/\/sghp.vn\/wp-content\/uploads\/2025\/02\/sghp-tuyen-dung-home-2025.jpg","type":"image\/jpeg"}],"twitter_card":"summary_large_image","twitter_misc":{"Est. reading time":"2 minutes"},"schema":{"@context":"https:\/\/schema.org","@graph":[{"@type":"WebPage","@id":"https:\/\/sghp.vn\/tuyendung\/","url":"https:\/\/sghp.vn\/tuyendung\/","name":"Tuy\u1ec3n d\u1ee5ng - Saigon Gateway Terminal","isPartOf":{"@id":"https:\/\/sghp.vn\/#website"},"primaryImageOfPage":{"@id":"https:\/\/sghp.vn\/tuyendung\/#primaryimage"},"image":{"@id":"https:\/\/sghp.vn\/tuyendung\/#primaryimage"},"thumbnailUrl":"https:\/\/sghp.vn\/wp-content\/uploads\/2025\/02\/sghp-tuyen-dung-home-2025-663x1024.jpg","datePublished":"2025-01-18T03:59:58+00:00","dateModified":"2026-02-02T08:58:36+00:00","breadcrumb":{"@id":"https:\/\/sghp.vn\/tuyendung\/#breadcrumb"},"inLanguage":"en-US","potentialAction":[{"@type":"ReadAction","target":["https:\/\/sghp.vn\/tuyendung\/"]}]},{"@type":"ImageObject","inLanguage":"en-US","@id":"https:\/\/sghp.vn\/tuyendung\/#primaryimage","url":"https:\/\/sghp.vn\/wp-content\/uploads\/2025\/02\/sghp-tuyen-dung-home-2025-663x1024.jpg","contentUrl":"https:\/\/sghp.vn\/wp-content\/uploads\/2025\/02\/sghp-tuyen-dung-home-2025-663x1024.jpg"},{"@type":"BreadcrumbList","@id":"https:\/\/sghp.vn\/tuyendung\/#breadcrumb","itemListElement":[{"@type":"ListItem","position":1,"name":"Trang ch\u1ee7","item":"https:\/\/sghp.vn\/"},{"@type":"ListItem","position":2,"name":"Tuy\u1ec3n d\u1ee5ng"}]},{"@type":"WebSite","@id":"https:\/\/sghp.vn\/#website","url":"https:\/\/sghp.vn\/","name":"C\u1ea3ng S\u00e0i G\u00f2n Hi\u1ec7p Ph\u01b0\u1edbc","description":"Saigon Gateway Terminal Joint Stock Company (SGT).","alternateName":"C\u1ea3ng S\u00e0i G\u00f2n Hi\u1ec7p Ph\u01b0\u1edbc","potentialAction":[{"@type":"SearchAction","target":{"@type":"EntryPoint","urlTemplate":"https:\/\/sghp.vn\/?s={search_term_string}"},"query-input":{"@type":"PropertyValueSpecification","valueRequired":true,"valueName":"search_term_string"}}],"inLanguage":"en-US"}]}},"_links":{"self":[{"href":"https:\/\/sghp.vn\/en\/wp-json\/wp\/v2\/pages\/923","targetHints":{"allow":["GET"]}}],"collection":[{"href":"https:\/\/sghp.vn\/en\/wp-json\/wp\/v2\/pages"}],"about":[{"href":"https:\/\/sghp.vn\/en\/wp-json\/wp\/v2\/types\/page"}],"author":[{"embeddable":true,"href":"https:\/\/sghp.vn\/en\/wp-json\/wp\/v2\/users\/1"}],"replies":[{"embeddable":true,"href":"https:\/\/sghp.vn\/en\/wp-json\/wp\/v2\/comments?post=923"}],"version-history":[{"count":19,"href":"https:\/\/sghp.vn\/en\/wp-json\/wp\/v2\/pages\/923\/revisions"}],"predecessor-version":[{"id":2594,"href":"https:\/\/sghp.vn\/en\/wp-json\/wp\/v2\/pages\/923\/revisions\/2594"}],"wp:attachment":[{"href":"https:\/\/sghp.vn\/en\/wp-json\/wp\/v2\/media?parent=923"}],"curies":[{"name":"wp","href":"https:\/\/api.w.org\/{rel}","templated":true}]}}